{"id":32684,"date":"2026-05-16T20:41:47","date_gmt":"2026-05-16T18:41:47","guid":{"rendered":"https:\/\/watcherswiss.ch\/?post_type=product&#038;p=32684"},"modified":"2026-05-16T20:53:19","modified_gmt":"2026-05-16T18:53:19","slug":"s-t-dupont-laque-de-chine-vintage-armbanduhr","status":"publish","type":"product","link":"https:\/\/watcherswiss.ch\/en\/store\/vintage-watches\/mens-watches-vintage-watches\/s-t-dupont-laque-de-chine-vintage-armbanduhr\/","title":{"rendered":"S.T. Dupont Laque de Chine Vintage Armbanduhr"},"content":{"rendered":"<p data-start=\"354\" data-end=\"812\">Zeitlose Eleganz mit franz\u00f6sischem Charakter: Diese S.T. Dupont Laque de Chine Vintage Armbanduhr verbindet minimalistisches Design mit hochwertiger Verarbeitung. Das rechteckige vergoldete Geh\u00e4use harmoniert perfekt mit der tiefschwarzen Lackierung im typischen \u201eLaque de Chine\u201c-Stil, f\u00fcr den S.T. Dupont weltweit bekannt wurde. Selbst die originale Schlie\u00dfe ist passend lackiert und unterstreicht den luxuri\u00f6sen Gesamtauftritt dieser besonderen Dresswatch.<\/p>\n<p data-start=\"814\" data-end=\"1394\" data-is-last-node=\"\" data-is-only-node=\"\">Die Uhr pr\u00e4sentiert sich in einem sehr sch\u00f6nen, altersgerechten Zustand mit normalen Gebrauchsspuren sowie einigen feinen Kratzern auf der Lackoberfl\u00e4che. Das originale Lederarmband weist alters- und lagerbedingte Spuren auf, darunter leichte Wellen und einen kleinen Knick \u2013 ein sp\u00e4terer Ersatz ist langfristig empfehlenswert. Ausgestattet mit einer neuen Batterie l\u00e4uft die Uhr einwandfrei. Die Geh\u00e4usemasse betragen ca. 24.1 mm x 32.1 mm und sorgen f\u00fcr einen eleganten, klassischen Sitz am Handgelenk. Eine stilvolle Vintage-Uhr f\u00fcr Liebhaber dezenter Luxusuhren.<\/p>\n<p><strong>Scope of delivery: <\/strong><\/p>\n<ul>\n<li>die abgebildete S.T. Dupont Armbanduhr, ohne Original-Zubeh\u00f6r<\/li>\n<li>Uhren-Etui mit watcherswiss Schriftzug<\/li>\n<\/ul>\n<p><strong>Shipping:<\/strong><\/p>\n<ul>\n<li>Free shipping throughout Switzerland by A Mail parcel within 2 working days of receipt of payment<\/li>\n<li>International shipping for an additional charge<\/li>\n<li>Collection possible by appointment in our studio<\/li>\n<\/ul>\n<p><strong>Note:<\/strong><\/p>\n<p>The water resistance of used watches should be checked regularly. We therefore give no guarantee of water resistance. Thanks to our partner network, we are also available for service and maintenance work on your watch after purchase - always at fair conditions. Do you have any questions or need further information? We are just a message away and will be happy to help you!<\/p>","protected":false},"excerpt":{"rendered":"<p>S.T. Dupont Laque de Chine Vintage Uhr | Jetzt entdecken bei watcherswiss!<\/p>","protected":false},"featured_media":32685,"template":"","meta":{"slim_seo":{"title":"S.T. Dupont Laque de Chine Vintage Uhr | watcherswiss","description":"S.T. Dupont Laque de Chine Vintage Uhr | watcherswiss"}},"product_brand":[],"product_cat":[214,333],"product_tag":[231,541,593,592,66],"class_list":{"0":"post-32684","1":"product","2":"type-product","3":"status-publish","4":"has-post-thumbnail","6":"product_cat-vintage-uhren","7":"product_cat-herrenuhren-vintage-uhren","8":"product_tag-armbanduhr","9":"product_tag-dresswatch","10":"product_tag-laque-de-chine","11":"product_tag-s-t-dupont","12":"product_tag-vintage","13":"product_shipping_class-uhr","15":"first","16":"instock","17":"featured","18":"purchasable","19":"product-type-simple"},"_links":{"self":[{"href":"https:\/\/watcherswiss.ch\/en\/wp-json\/wp\/v2\/product\/32684","targetHints":{"allow":["GET"]}}],"collection":[{"href":"https:\/\/watcherswiss.ch\/en\/wp-json\/wp\/v2\/product"}],"about":[{"href":"https:\/\/watcherswiss.ch\/en\/wp-json\/wp\/v2\/types\/product"}],"wp:featuredmedia":[{"embeddable":true,"href":"https:\/\/watcherswiss.ch\/en\/wp-json\/wp\/v2\/media\/32685"}],"wp:attachment":[{"href":"https:\/\/watcherswiss.ch\/en\/wp-json\/wp\/v2\/media?parent=32684"}],"wp:term":[{"taxonomy":"product_brand","embeddable":true,"href":"https:\/\/watcherswiss.ch\/en\/wp-json\/wp\/v2\/product_brand?post=32684"},{"taxonomy":"product_cat","embeddable":true,"href":"https:\/\/watcherswiss.ch\/en\/wp-json\/wp\/v2\/product_cat?post=32684"},{"taxonomy":"product_tag","embeddable":true,"href":"https:\/\/watcherswiss.ch\/en\/wp-json\/wp\/v2\/product_tag?post=32684"}],"curies":[{"name":"wp","href":"https:\/\/api.w.org\/{rel}","templated":true}]}}