{"id":32670,"date":"2026-05-14T09:17:15","date_gmt":"2026-05-14T07:17:15","guid":{"rendered":"https:\/\/watcherswiss.ch\/?post_type=product&#038;p=32670"},"modified":"2026-05-14T09:17:27","modified_gmt":"2026-05-14T07:17:27","slug":"jean-deve-dual-time-vintage-quarz","status":"publish","type":"product","link":"https:\/\/watcherswiss.ch\/en\/store\/pre-owned-wristwatches\/jean-deve-dual-time-vintage-quarz\/","title":{"rendered":"Jean D&#8217;Eve Dual Time Vintage Quarz"},"content":{"rendered":"<p data-start=\"374\" data-end=\"854\">Vintage Jean D\u2019Eve Dual Time mit aussergew\u00f6hnlichem Zifferblattdesign. Boden-Nr.: 182459. Die getrennte Darstellung der beiden Zeitanzeigen verleiht der Uhr einen eigenst\u00e4ndigen Charakter und unterstreicht den minimalistischen Stil der 1980er- und 1990er-Jahre auf elegante Weise. Das goldfarbene Zifferblatt harmoniert perfekt mit dem warmen Braunton des neuen Aftermarket-Echtlederbands und sorgt f\u00fcr einen stilvollen Vintage-Look am Handgelenk.<\/p>\n<p data-start=\"856\" data-end=\"1219\" data-is-last-node=\"\" data-is-only-node=\"\">Die Uhr wurde mit einem neuen Glas ausgestattet und l\u00e4uft einwandfrei. Das Geh\u00e4use zeigt altersgem\u00e4\u00dfe normale Gebrauchsspuren. Mit einem Geh\u00e4usedurchmesser von ca. 34 mm ohne Krone tr\u00e4gt sich die Uhr angenehm klassisch und elegant \u2013 ideal f\u00fcr Liebhaber besonderer Vintage-Uhren mit Designanspruch.<\/p>\n<p>&nbsp;<\/p>\n<p><strong>Scope of delivery: <\/strong><\/p>\n<ul>\n<li>die abgebildete Jean D\u2019Eve\u00a0Armbanduhr, ohne Original-Zubeh\u00f6r<\/li>\n<li>Uhren-Etui mit watcherswiss Schriftzug<\/li>\n<\/ul>\n<p><strong>Shipping:<\/strong><\/p>\n<ul>\n<li>Free shipping throughout Switzerland by A Mail parcel within 2 working days of receipt of payment<\/li>\n<li>International shipping for an additional charge<\/li>\n<li>Collection possible by appointment in our studio<\/li>\n<\/ul>\n<p><strong>Note:<\/strong><\/p>\n<p>The water resistance of used watches should be checked regularly. We therefore give no guarantee of water resistance. Thanks to our partner network, we are also available for service and maintenance work on your watch after purchase - always at fair conditions. Do you have any questions or need further information? We are just a message away and will be happy to help you!<\/p>","protected":false},"excerpt":{"rendered":"<p>Elegante Jean D\u2019Eve Dual Time Vintage Uhr mit au\u00dfergew\u00f6hnlichem Zifferblattdesign, neuem Glas und Echtlederband. 34 mm Geh\u00e4use, voll funktionsf\u00e4hig. Jetzt entdecken bei watcherswiss.ch!<\/p>","protected":false},"featured_media":32671,"template":"","meta":{"slim_seo":{"title":"Jean D\u2019Eve Dual Time Vintage Uhr \u2013 Quartz Klassiker","description":"Elegante Jean D\u2019Eve Dual Time Vintage Uhr mit au\u00dfergew\u00f6hnlichem Zifferblattdesign, neuem Glas und Echtlederband. 34 mm Geh\u00e4use, voll funktionsf\u00e4hig."}},"product_brand":[588],"product_cat":[262],"product_tag":[231,590,589,223,591,66,574],"class_list":{"0":"post-32670","1":"product","2":"type-product","3":"status-publish","4":"has-post-thumbnail","6":"product_brand-jean-deve","7":"product_cat-pre-owned-armbanduhren","8":"product_tag-armbanduhr","9":"product_tag-dual-time","10":"product_tag-jean-deve","11":"product_tag-quartz","12":"product_tag-swiss-made","13":"product_tag-vintage","14":"product_tag-wristwatch","15":"product_shipping_class-uhr","17":"first","18":"instock","19":"featured","20":"purchasable","21":"product-type-simple"},"_links":{"self":[{"href":"https:\/\/watcherswiss.ch\/en\/wp-json\/wp\/v2\/product\/32670","targetHints":{"allow":["GET"]}}],"collection":[{"href":"https:\/\/watcherswiss.ch\/en\/wp-json\/wp\/v2\/product"}],"about":[{"href":"https:\/\/watcherswiss.ch\/en\/wp-json\/wp\/v2\/types\/product"}],"wp:featuredmedia":[{"embeddable":true,"href":"https:\/\/watcherswiss.ch\/en\/wp-json\/wp\/v2\/media\/32671"}],"wp:attachment":[{"href":"https:\/\/watcherswiss.ch\/en\/wp-json\/wp\/v2\/media?parent=32670"}],"wp:term":[{"taxonomy":"product_brand","embeddable":true,"href":"https:\/\/watcherswiss.ch\/en\/wp-json\/wp\/v2\/product_brand?post=32670"},{"taxonomy":"product_cat","embeddable":true,"href":"https:\/\/watcherswiss.ch\/en\/wp-json\/wp\/v2\/product_cat?post=32670"},{"taxonomy":"product_tag","embeddable":true,"href":"https:\/\/watcherswiss.ch\/en\/wp-json\/wp\/v2\/product_tag?post=32670"}],"curies":[{"name":"wp","href":"https:\/\/api.w.org\/{rel}","templated":true}]}}