{"id":32608,"date":"2026-04-19T11:06:56","date_gmt":"2026-04-19T09:06:56","guid":{"rendered":"https:\/\/watcherswiss.ch\/?post_type=product&#038;p=32608"},"modified":"2026-04-19T12:18:19","modified_gmt":"2026-04-19T10:18:19","slug":"omega-speedmaster-ref-145-022-german-edition-mit-weissem-zifferblatt-1985","status":"publish","type":"product","link":"https:\/\/watcherswiss.ch\/en\/store\/vintage-watches\/mens-watches-vintage-watches\/omega-speedmaster-ref-145-022-german-edition-mit-weissem-zifferblatt-1985\/","title":{"rendered":"Omega Speedmaster Ref. 145.022 German Edition mit weissem Zifferblatt | 1985"},"content":{"rendered":"<p data-start=\"564\" data-end=\"766\">Diese Omega Speedmaster Ref. DD 145.022 aus dem Jahr 1985 geh\u00f6rt zu jenen seltenen Ausf\u00fchrungen, die selbst unter erfahrenen Sammlern f\u00fcr Aufmerksamkeit sorgt.<\/p>\n<p data-start=\"768\" data-end=\"976\">Die German Edition mit wei\u00dfem Zifferblatt z\u00e4hlt zu den au\u00dfergew\u00f6hnlichsten Varianten ihrer Zeit \u2013 selten gesehen, kaum vergleichbar und mit einer Pr\u00e4senz, die sich schwer in Worte fassen l\u00e4sst.<\/p>\n<p data-start=\"978\" data-end=\"1170\">Dieses St\u00fcck richtet sich bewusst an Kenner und Liebhaber, die das Besondere zu sch\u00e4tzen wissen. Weitere Informationen teilen wir gerne im pers\u00f6nlichen Austausch. Eine Besichtigung ist nach Terminvereinbarung m\u00f6glich.<\/p>\n<p data-start=\"1172\" data-end=\"1223\">Preis auf Anfrage \u2013 Angebote werden individuell gepr\u00fcft.<\/p>\n<p><strong>Scope of delivery: <\/strong><\/p>\n<ul>\n<li>die abgebildete Omega Speedmaster Ref. DD 145.022 Armbanduhr<\/li>\n<li>Omega-Archivauszug (zus\u00e4tzliche Informationen auf Anfrage)<\/li>\n<li>Omega-Uhrenetui<\/li>\n<\/ul>\n<p><strong>Shipping:<\/strong><\/p>\n<ul>\n<li>Free shipping throughout Switzerland by registered A Mail within 2 working days of receipt of payment<\/li>\n<li>International shipping possible for an additional charge<\/li>\n<li>Collection possible by appointment in our studio<\/li>\n<\/ul>\n<p><strong>Note: <\/strong>Vintage watches like these are generally not waterproof and should not be worn in water. Do you have any questions or need more information? We are just a message away and will be happy to help you.<\/p>","protected":false},"excerpt":{"rendered":"<p>Au\u00dfergew\u00f6hnliche Omega Speedmaster German Edition mit wei\u00dfem Zifferblatt. Seltenes Sammlerst\u00fcck. Details auf Anfrage.<\/p>","protected":false},"featured_media":32630,"template":"","meta":{"slim_seo":{"title":"Omega Speedmaster DD 145.022 German Edition Weisses Zifferblatt","description":"Au\u00dfergew\u00f6hnliche Omega Speedmaster German Edition mit wei\u00dfem Zifferblatt. Seltenes Sammlerst\u00fcck. Details auf Anfrage."}},"product_brand":[521],"product_cat":[214,333],"product_tag":[582,231,581,580,171,579,127,45,221,350,578,66,584,583],"class_list":{"0":"post-32608","1":"product","2":"type-product","3":"status-publish","4":"has-post-thumbnail","6":"product_brand-omega","7":"product_cat-vintage-uhren","8":"product_cat-herrenuhren-vintage-uhren","9":"product_tag-582","10":"product_tag-armbanduhr","11":"product_tag-dd-145-022","12":"product_tag-german-edition","13":"product_tag-handaufzug","14":"product_tag-moonwatch","15":"product_tag-omega","16":"product_tag-pre-owned","17":"product_tag-sammleruhr","18":"product_tag-speedmaster","19":"product_tag-speedy","20":"product_tag-vintage","21":"product_tag-weisses-zifferblatt","22":"product_tag-white-dial","23":"product_shipping_class-uhr","25":"first","26":"instock","27":"featured","28":"shipping-taxable","29":"product-type-simple"},"_links":{"self":[{"href":"https:\/\/watcherswiss.ch\/en\/wp-json\/wp\/v2\/product\/32608","targetHints":{"allow":["GET"]}}],"collection":[{"href":"https:\/\/watcherswiss.ch\/en\/wp-json\/wp\/v2\/product"}],"about":[{"href":"https:\/\/watcherswiss.ch\/en\/wp-json\/wp\/v2\/types\/product"}],"wp:featuredmedia":[{"embeddable":true,"href":"https:\/\/watcherswiss.ch\/en\/wp-json\/wp\/v2\/media\/32630"}],"wp:attachment":[{"href":"https:\/\/watcherswiss.ch\/en\/wp-json\/wp\/v2\/media?parent=32608"}],"wp:term":[{"taxonomy":"product_brand","embeddable":true,"href":"https:\/\/watcherswiss.ch\/en\/wp-json\/wp\/v2\/product_brand?post=32608"},{"taxonomy":"product_cat","embeddable":true,"href":"https:\/\/watcherswiss.ch\/en\/wp-json\/wp\/v2\/product_cat?post=32608"},{"taxonomy":"product_tag","embeddable":true,"href":"https:\/\/watcherswiss.ch\/en\/wp-json\/wp\/v2\/product_tag?post=32608"}],"curies":[{"name":"wp","href":"https:\/\/api.w.org\/{rel}","templated":true}]}}