{"id":32562,"date":"2026-04-03T09:56:59","date_gmt":"2026-04-03T07:56:59","guid":{"rendered":"https:\/\/watcherswiss.ch\/?post_type=product&#038;p=32562"},"modified":"2026-04-03T16:16:41","modified_gmt":"2026-04-03T14:16:41","slug":"loreena-25-jewels-automatik-ref-81-301-vintage-nos","status":"publish","type":"product","link":"https:\/\/watcherswiss.ch\/en\/store\/vintage-watches\/mens-watches-vintage-watches\/loreena-25-jewels-automatik-ref-81-301-vintage-nos\/","title":{"rendered":"Loreena 25 Jewels Automatik Ref. 81-301  | Vintage NOS"},"content":{"rendered":"<p data-start=\"348\" data-end=\"919\">Loreena Ref. 81-301 Automatik \u2013 Goldige Vintage Eleganz<\/p>\n<p data-start=\"348\" data-end=\"919\">Lieben Sie Uhren, die sofort ins Auge fallen? Die Loreena Automatik Ref. 81-301 vereint den Charme der 1980er Jahre mit einem Hauch Extravaganz. Das goldfarbene Geh\u00e4use harmoniert perfekt mit dem elegant gestalteten Zifferblatt, das durch funkelnde Zirkonia-Indizes stilvoll akzentuiert wird. Besonders spannend: die Day-Date Anzeige in Englisch und Arabisch. Mit einer Geh\u00e4usebreite von ca. 32 mm tr\u00e4gt sich die Uhr angenehm kompakt und unterstreicht einen klassischen, zeitlosen Stil.<\/p>\n<p data-start=\"969\" data-end=\"1563\" data-is-last-node=\"\" data-is-only-node=\"\">Was steckt im Inneren dieser Loreena Automatik? Ein bew\u00e4hrtes ETA 2878 Automatikwerk mit 25 Juwelen sorgt f\u00fcr zuverl\u00e4ssige Performance und echtes Schweizer Uhrmacherhandwerk. Die Uhr befindet sich im NOS Zustand mit lediglich leichten Lagerspuren \u2013 ein spannendes Fundst\u00fcck f\u00fcr Liebhaber originaler Vintage St\u00fccke. Sie l\u00e4uft f\u00fcr ihr Alter gut und ist sofort bereit f\u00fcr den Einsatz am Handgelenk. Ob als stilvolles Statement oder als Erg\u00e4nzung Ihrer Sammlung: Diese Loreena Vintage Uhr verbindet Technik, Design und Vergangenheit auf besondere Weise. Sichern Sie sich jetzt dieses Design-St\u00fcck!<\/p>\n<p data-start=\"1083\" data-end=\"1727\" data-is-last-node=\"\" data-is-only-node=\"\">\n<p><strong>Details:<\/strong><\/p>\n<ul data-start=\"1587\" data-end=\"2061\">\n<li data-start=\"1587\" data-end=\"1636\"><strong>Brand:<\/strong> Loreena<\/li>\n<li data-start=\"1587\" data-end=\"1636\"><strong>Lot No.:<\/strong> 81-301<\/li>\n<li data-start=\"1587\" data-end=\"1636\"><strong>Movement:<\/strong> 25 Jewels Automatik ETA Kaliber 2878<\/li>\n<li data-start=\"1587\" data-end=\"1636\"><strong>Housing material: <\/strong>Stainless steel, gold-plated<\/li>\n<li data-start=\"1587\" data-end=\"1636\"><strong>Case diameter:<\/strong> approx. 32 mm without crown<\/li>\n<li data-start=\"1587\" data-end=\"1636\"><strong>Dial color:<\/strong> goldig<\/li>\n<li data-start=\"1587\" data-end=\"1636\"><strong>Condition:<\/strong> hervorragend, NOS mit leichten Lagerspuren<\/li>\n<li data-start=\"1587\" data-end=\"1636\"><strong>Year:<\/strong> ca. 1980er<\/li>\n<\/ul>\n<p><strong>Scope of delivery: <\/strong><\/p>\n<ul>\n<li>die abgebildete Loreena Armbanduhr, ohne Original-Zubeh\u00f6r<\/li>\n<li>Uhren-Etui mit watcherswiss Schriftzug<\/li>\n<\/ul>\n<p><strong>Shipping:<\/strong><\/p>\n<ul>\n<li>Free shipping throughout Switzerland by A Mail parcel within 2 working days of receipt of payment<\/li>\n<li>International shipping for an additional charge<\/li>\n<li>Collection possible by appointment in our studio<\/li>\n<\/ul>\n<p><strong>Note:<\/strong><\/p>\n<p>The water resistance of used watches should be checked regularly. We therefore give no guarantee of water resistance. Thanks to our partner network, we are also available for service and maintenance work on your watch after purchase - always at fair conditions. Do you have any questions or need further information? We are just a message away and will be happy to help you!<\/p>\n<p>&nbsp;<\/p>","protected":false},"excerpt":{"rendered":"<p>Loreena Automatik Ref. 81-301 aus den 80ern im NOS Zustand. Day-Date in Englisch &amp; Arabisch, ETA 2878 Werk. Jetzt entdecken bei WATCHERSWISS!<\/p>","protected":false},"featured_media":32564,"template":"","meta":{"slim_seo":{"title":"Loreena Ref. 81-301 Automatik Vintage Uhr NOS","description":"Loreena Automatik Ref. 81-301 aus den 80ern im NOS Zustand. Day-Date in Englisch & Arabisch, ETA 2878 Werk. Jetzt entdecken!"}},"product_brand":[],"product_cat":[214,333],"product_tag":[572,570,130,57,541,571,569,69,66,573,574],"class_list":{"0":"post-32562","1":"product","2":"type-product","3":"status-publish","4":"has-post-thumbnail","6":"product_cat-vintage-uhren","7":"product_cat-herrenuhren-vintage-uhren","8":"product_tag-572","9":"product_tag-81-301","10":"product_tag-automatic","11":"product_tag-automatik","12":"product_tag-dresswatch","13":"product_tag-eta-2878","14":"product_tag-loreena","15":"product_tag-nos","16":"product_tag-vintage","17":"product_tag-watch","18":"product_tag-wristwatch","19":"product_shipping_class-uhr","21":"first","22":"instock","23":"featured","24":"shipping-taxable","25":"purchasable","26":"product-type-simple"},"_links":{"self":[{"href":"https:\/\/watcherswiss.ch\/en\/wp-json\/wp\/v2\/product\/32562","targetHints":{"allow":["GET"]}}],"collection":[{"href":"https:\/\/watcherswiss.ch\/en\/wp-json\/wp\/v2\/product"}],"about":[{"href":"https:\/\/watcherswiss.ch\/en\/wp-json\/wp\/v2\/types\/product"}],"wp:featuredmedia":[{"embeddable":true,"href":"https:\/\/watcherswiss.ch\/en\/wp-json\/wp\/v2\/media\/32564"}],"wp:attachment":[{"href":"https:\/\/watcherswiss.ch\/en\/wp-json\/wp\/v2\/media?parent=32562"}],"wp:term":[{"taxonomy":"product_brand","embeddable":true,"href":"https:\/\/watcherswiss.ch\/en\/wp-json\/wp\/v2\/product_brand?post=32562"},{"taxonomy":"product_cat","embeddable":true,"href":"https:\/\/watcherswiss.ch\/en\/wp-json\/wp\/v2\/product_cat?post=32562"},{"taxonomy":"product_tag","embeddable":true,"href":"https:\/\/watcherswiss.ch\/en\/wp-json\/wp\/v2\/product_tag?post=32562"}],"curies":[{"name":"wp","href":"https:\/\/api.w.org\/{rel}","templated":true}]}}