{"id":31545,"date":"2025-01-06T11:36:47","date_gmt":"2025-01-06T10:36:47","guid":{"rendered":"https:\/\/watcherswiss.ch\/?post_type=product&#038;p=31545"},"modified":"2026-04-01T19:50:40","modified_gmt":"2026-04-01T17:50:40","slug":"hamilton-jazzmaster-skeleton-auto-h42535180-pre-owned-19","status":"publish","type":"product","link":"https:\/\/watcherswiss.ch\/en\/store\/watches-sold\/hamilton-jazzmaster-skeleton-auto-h42535180-pre-owned-19\/","title":{"rendered":"A. Lange &amp; S\u00f6hne, Glash\u00fctte, Gold Savonette pocket watch"},"content":{"rendered":"<p><strong>Golden Savonette pocket watch by A. Lange &amp; S\u00f6hne, No. 52515, Glash\u00fctte, ca. 1910<\/strong><\/p>\n<p>This exceptional savonette pocket watch by A. Lange &amp; S\u00f6hne impresses with a smooth, stepped case in the Louis XVI style. The three-part white enamel dial with gold Louis XV hands radiates timeless elegance. Inside is a gilt 3\/4 plate movement of DUF quality, equipped with a Glash\u00fctte gold lever escapement, a compensation balance with Breguet hairspring, a swan-neck fine adjustment as well as crown and ratchet wheels with the typical Glash\u00fctte sunburst finish. The watch has a practical lever setting mechanism for setting the time. The movement and case numbers are identical and underline the authenticity of this exquisite watch. A true masterpiece of Glash\u00fctte watchmaking.<\/p>\n<p>&nbsp;<\/p>\n<p><strong>Condition &amp; Warranty:<\/strong><\/p>\n<p>The watch is in very good overall condition for its age. It has been completely overhauled in a master watchmaker's workshop and runs perfectly. We grant you a two-year guarantee on its perfect functioning from the date of purchase.<\/p>\n<p>The case has been left in its original condition and shows light to normal signs of wear, including small to medium scratches. The dial is in very good condition, free of cracks, with discreet, unobtrusive patina fragments that emphasize the antique charm. The Plexiglas shows only a few, barely visible mini-scratches. Overall, an outstanding condition for an antique pocket watch of this era.<\/p>\n<p>&nbsp;<\/p>\n<p><strong>Scope of delivery:<\/strong><\/p>\n<ul>\n<li>A. Lange &amp; S\u00f6hne Gold Savonette pocket watch (the pocket watch pictured)<\/li>\n<li>Neutral pocket watch box without logo<\/li>\n<li>Warranty certificate from us, valid for 24 months from date of purchase<\/li>\n<\/ul>\n<p>\ud83d\udce6<strong>Shipping:<\/strong><\/p>\n<ul>\n<li>Delivery throughout Switzerland by registered mail Assurance within 2 working days of receipt of payment<\/li>\n<li>Shipping abroad for an additional charge<\/li>\n<\/ul>\n<p>&nbsp;<\/p>\n<p><strong>Note:<br \/>\n<\/strong><\/p>\n<p>The watch is not water-resistant. Antique pocket watches, especially valuable models such as this one, should be treated with special care. Avoid carrying the watch unprotected in your trouser or jacket pocket to prevent scratches and soiling from textile fibers or dust. We recommend that you handle the watch with care and protect it from external influences such as extreme temperature fluctuations, dust, shocks, vibrations and water.<\/p>\n<p>The lever handle should always be used when closing the spring lid. This protects the mechanism and prevents further scratches caused by the sharp spring claw that holds the lid closed. With these precautions, the antique clock will remain in perfect condition and will give you many years of pleasure.<\/p>\n<p>Thanks to our partner network, we are also available for service and maintenance work on your watch after purchase - always at fair conditions. Questions? Need more information? We are just a message away and will be happy to help you.<strong><br \/>\n<\/strong><\/p>","protected":false},"excerpt":{"rendered":"<p>Golden Savonette pocket watch by A. Lange &amp; S\u00f6hne, No. 52515, Glash\u00fctte, ca. 1910<\/p>","protected":false},"featured_media":31556,"template":"","meta":{"slim_seo":{"title":"Gold Savonette pocket watch A. Lange &amp; S\u00f6hne, No. 52515","description":"Golden Savonette pocket watch A. Lange &amp; S\u00f6hne, No. 52515, Glash\u00fctte, ca. 1910"}},"product_brand":[],"product_cat":[349],"product_tag":[397,398,399,395,400,153,100,171,396,45,257,94],"class_list":{"0":"post-31545","1":"product","2":"type-product","3":"status-publish","4":"has-post-thumbnail","6":"product_cat-verkaufte-uhren","7":"product_tag-0-585","8":"product_tag-14-karat","9":"product_tag-399","10":"product_tag-a-lange-soehne","11":"product_tag-antic","12":"product_tag-antik","13":"product_tag-gold","14":"product_tag-handaufzug","15":"product_tag-lange","16":"product_tag-pre-owned","17":"product_tag-savonette","18":"product_tag-taschenuhr","19":"product_shipping_class-uhr","21":"first","22":"outofstock","23":"shipping-taxable","24":"purchasable","25":"product-type-simple"},"_links":{"self":[{"href":"https:\/\/watcherswiss.ch\/en\/wp-json\/wp\/v2\/product\/31545","targetHints":{"allow":["GET"]}}],"collection":[{"href":"https:\/\/watcherswiss.ch\/en\/wp-json\/wp\/v2\/product"}],"about":[{"href":"https:\/\/watcherswiss.ch\/en\/wp-json\/wp\/v2\/types\/product"}],"wp:featuredmedia":[{"embeddable":true,"href":"https:\/\/watcherswiss.ch\/en\/wp-json\/wp\/v2\/media\/31556"}],"wp:attachment":[{"href":"https:\/\/watcherswiss.ch\/en\/wp-json\/wp\/v2\/media?parent=31545"}],"wp:term":[{"taxonomy":"product_brand","embeddable":true,"href":"https:\/\/watcherswiss.ch\/en\/wp-json\/wp\/v2\/product_brand?post=31545"},{"taxonomy":"product_cat","embeddable":true,"href":"https:\/\/watcherswiss.ch\/en\/wp-json\/wp\/v2\/product_cat?post=31545"},{"taxonomy":"product_tag","embeddable":true,"href":"https:\/\/watcherswiss.ch\/en\/wp-json\/wp\/v2\/product_tag?post=31545"}],"curies":[{"name":"wp","href":"https:\/\/api.w.org\/{rel}","templated":true}]}}