{"id":31885,"date":"2025-03-18T13:11:48","date_gmt":"2025-03-18T12:11:48","guid":{"rendered":"https:\/\/watcherswiss.ch\/?page_id=31885"},"modified":"2025-06-06T17:22:54","modified_gmt":"2025-06-06T15:22:54","slug":"watch-restorations","status":"publish","type":"page","link":"https:\/\/watcherswiss.ch\/en\/watch-restorations\/","title":{"rendered":"Watch restorations"},"content":{"rendered":"<section class=\"bde-section-31885-100 bde-section\">\n  \n\t\n\n\n\n<div class=\"section-container\"><\/div>\n<\/section><section class=\"bde-section-31885-101 bde-section\">\n  \n\t\n\n\n\n<div class=\"section-container\"><div class=\"bde-columns-31885-102 bde-columns\"><div class=\"bde-column-31885-103 bde-column\">\n  \n\t\n\n\n\n<h1 class=\"bde-heading-31885-104 bde-heading\">\nWatch restorations\n<\/h1>\n<\/div><div class=\"bde-column-31885-105 bde-column\">\n  \n\t\n\n\n\n<div class=\"bde-text-31885-106 bde-text\">\nBring your vintage watch back to life - with our specialized restoration.<br><br>Antique and vintage watches are not only timepieces, but also testimonies to past eras. Our restorations aim to restore your watch to its original condition as authentically as possible:<br><br>Our audit includes:\n<\/div><ul class=\"bde-basic-list-31885-107 bde-basic-list\">\n  <li  >    \n          Detailed refurbishment: dials, case and hands.\n      <\/li>\n  <li  >    \n          Preserving the patina: We can preserve the characteristic ageing on request.\n      <\/li>\n  <li  >    \n          Documented processes: Transparent communication about all steps.\n      <\/li>\n<\/ul><div class=\"bde-text-31885-108 bde-text\">\nWe make sure that your watch not only works, but also tells its story.\n<\/div>\n<\/div><\/div><\/div>\n<\/section>","protected":false},"excerpt":{"rendered":"<p>Uhren-Restaurationen Erwecken Sie Ihre Vintage-Uhr zu neuem Leben \u2013 mit unserer spezialisierten Restauration.Antike und Vintage-Uhren sind nicht nur Zeitmesser, sondern auch Zeugnisse vergangener Epochen. Unsere Restaurationen zielen darauf ab, den Originalzustand Ihrer Uhr so authentisch wie m\u00f6glich wiederherzustellen:Unsere Revision beinhaltet: Detailgetreue Aufarbeitung: Zifferbl\u00e4tter, Geh\u00e4use und Zeiger. Erhalt der Patina: Auf Wunsch bewahren wir die charakteristische [&hellip;]<\/p>\n","protected":false},"author":1,"featured_media":0,"parent":0,"menu_order":0,"comment_status":"closed","ping_status":"closed","template":"","meta":{"slim_seo":{"title":"Uhren-Restaurationen - watcherswiss","description":"Watch restorations Bring your vintage watch back to life - with our specialized restoration. Antique and vintage watches are not just timepieces"},"_breakdance_hide_in_design_set":false,"_breakdance_tags":"","footnotes":""},"class_list":["post-31885","page","type-page","status-publish","hentry"],"_links":{"self":[{"href":"https:\/\/watcherswiss.ch\/en\/wp-json\/wp\/v2\/pages\/31885","targetHints":{"allow":["GET"]}}],"collection":[{"href":"https:\/\/watcherswiss.ch\/en\/wp-json\/wp\/v2\/pages"}],"about":[{"href":"https:\/\/watcherswiss.ch\/en\/wp-json\/wp\/v2\/types\/page"}],"author":[{"embeddable":true,"href":"https:\/\/watcherswiss.ch\/en\/wp-json\/wp\/v2\/users\/1"}],"replies":[{"embeddable":true,"href":"https:\/\/watcherswiss.ch\/en\/wp-json\/wp\/v2\/comments?post=31885"}],"version-history":[{"count":5,"href":"https:\/\/watcherswiss.ch\/en\/wp-json\/wp\/v2\/pages\/31885\/revisions"}],"predecessor-version":[{"id":32101,"href":"https:\/\/watcherswiss.ch\/en\/wp-json\/wp\/v2\/pages\/31885\/revisions\/32101"}],"wp:attachment":[{"href":"https:\/\/watcherswiss.ch\/en\/wp-json\/wp\/v2\/media?parent=31885"}],"curies":[{"name":"wp","href":"https:\/\/api.w.org\/{rel}","templated":true}]}}