{"id":31883,"date":"2025-03-18T13:11:30","date_gmt":"2025-03-18T12:11:30","guid":{"rendered":"https:\/\/watcherswiss.ch\/?page_id=31883"},"modified":"2025-06-06T17:35:21","modified_gmt":"2025-06-06T15:35:21","slug":"watches-revision","status":"publish","type":"page","link":"https:\/\/watcherswiss.ch\/en\/watches-revision\/","title":{"rendered":"Watch revision"},"content":{"rendered":"<section class=\"bde-section-31883-100 bde-section\">\n  \n\t\n\n\n\n<div class=\"section-container\"><\/div>\n<\/section><section class=\"bde-section-31883-101 bde-section\">\n  \n\t\n\n\n\n<div class=\"section-container\"><div class=\"bde-columns-31883-102 bde-columns\"><div class=\"bde-column-31883-103 bde-column\">\n  \n\t\n\n\n\n<h1 class=\"bde-heading-31883-104 bde-heading\">\nWatch revision\n<\/h1>\n<\/div><div class=\"bde-column-31883-105 bde-column\">\n  \n\t\n\n\n\n<div class=\"bde-text-31883-106 bde-text\">\nRegular watch servicing is essential to maintain the accuracy and functionality of your timepiece.<br><br>Our audit includes:\n<\/div><ul class=\"bde-basic-list-31883-107 bde-basic-list\">\n  <li  >    \n          Complete disassembly of the movement: cleaning of all components.\n      <\/li>\n  <li  >    \n          Renewal of lubrication: use of specialized oils for optimum performance.\n      <\/li>\n  <li  >    \n          Replacing worn parts: Ensuring a long service life.\n      <\/li>\n  <li  >    \n          Housing care: Cleaning or careful reconditioning on request.\n      <\/li>\n<\/ul><div class=\"bde-text-31883-108 bde-text\">\nWe recommend an overhaul every 5 to 7 years, depending on use and model. <br><br>We work with the utmost care to preserve the value and function of your watch. \n<\/div>\n<\/div><\/div><\/div>\n<\/section>","protected":false},"excerpt":{"rendered":"<p>Uhren-Revision Eine regelm\u00e4ssige Uhrenrevision ist essenziell, um die Genauigkeit und Funktionalit\u00e4t Ihres Zeitmessers zu erhalten.Unsere Revision beinhaltet: Komplettes Zerlegen des Uhrwerks: Reinigung aller Komponenten. Erneuerung der Schmierung: Verwendung spezialisierter \u00d6le f\u00fcr optimale Leistung. Austausch verschlissener Teile: Sicherstellung der Langlebigkeit. Geh\u00e4usepflege: Auf Wunsch Reinigung oder behutsame Aufarbeitung. Wir empfehlen eine Revision alle 5 bis 7 Jahre, [&hellip;]<\/p>\n","protected":false},"author":1,"featured_media":0,"parent":0,"menu_order":0,"comment_status":"closed","ping_status":"closed","template":"","meta":{"slim_seo":{"title":"Watch revision - watcherswiss","description":"Watch overhaul A regular watch overhaul is essential to maintain the accuracy and functionality of your timepiece. Our revision includes:"},"_breakdance_hide_in_design_set":false,"_breakdance_tags":"","footnotes":""},"class_list":["post-31883","page","type-page","status-publish","hentry"],"_links":{"self":[{"href":"https:\/\/watcherswiss.ch\/en\/wp-json\/wp\/v2\/pages\/31883","targetHints":{"allow":["GET"]}}],"collection":[{"href":"https:\/\/watcherswiss.ch\/en\/wp-json\/wp\/v2\/pages"}],"about":[{"href":"https:\/\/watcherswiss.ch\/en\/wp-json\/wp\/v2\/types\/page"}],"author":[{"embeddable":true,"href":"https:\/\/watcherswiss.ch\/en\/wp-json\/wp\/v2\/users\/1"}],"replies":[{"embeddable":true,"href":"https:\/\/watcherswiss.ch\/en\/wp-json\/wp\/v2\/comments?post=31883"}],"version-history":[{"count":6,"href":"https:\/\/watcherswiss.ch\/en\/wp-json\/wp\/v2\/pages\/31883\/revisions"}],"predecessor-version":[{"id":32104,"href":"https:\/\/watcherswiss.ch\/en\/wp-json\/wp\/v2\/pages\/31883\/revisions\/32104"}],"wp:attachment":[{"href":"https:\/\/watcherswiss.ch\/en\/wp-json\/wp\/v2\/media?parent=31883"}],"curies":[{"name":"wp","href":"https:\/\/api.w.org\/{rel}","templated":true}]}}