{"id":30431,"date":"2024-06-18T14:41:04","date_gmt":"2024-06-18T12:41:04","guid":{"rendered":"https:\/\/watcherswiss.ch\/?page_id=30431"},"modified":"2025-03-18T12:51:03","modified_gmt":"2025-03-18T11:51:03","slug":"data-protection","status":"publish","type":"page","link":"https:\/\/watcherswiss.ch\/en\/data-protection\/","title":{"rendered":"Data protection"},"content":{"rendered":"<section class=\"bde-section-30431-155 bde-section\">\n  \n\t\n\n\n\n<div class=\"section-container\"><\/div>\n<\/section><section class=\"bde-section-30431-101 bde-section\">\n  \n\t\n\n\n\n<div class=\"section-container\"><div class=\"bde-columns-30431-107 bde-columns\"><div class=\"bde-column-30431-108 bde-column\">\n  \n\t\n\n\n\n<h3 class=\"bde-heading-30431-109 bde-heading\">\nProcessed data\n<\/h3>\n<\/div><div class=\"bde-column-30431-110 bde-column\">\n  \n\t\n\n\n\n<div class=\"bde-text-30431-111 bde-text\">\nWe only store and process your personal data if you transmit it to us in the course of using services and tools (e.g. contact form).\n<\/div>\n<\/div><\/div><div class=\"bde-columns-30431-112 bde-columns\"><div class=\"bde-column-30431-113 bde-column\">\n  \n\t\n\n\n\n<h3 class=\"bde-heading-30431-114 bde-heading\">\nPurpose\n<\/h3>\n<\/div><div class=\"bde-column-30431-115 bde-column\">\n  \n\t\n\n\n\n<div class=\"bde-text-30431-116 bde-text\">\nWe process your data exclusively for the purposes that we communicated to you when collecting your data and for other purposes compatible with these purposes.\n<\/div>\n<\/div><\/div><div class=\"bde-columns-30431-117 bde-columns\"><div class=\"bde-column-30431-118 bde-column\">\n  \n\t\n\n\n\n<h3 class=\"bde-heading-30431-119 bde-heading\">\nData processing\n<\/h3>\n<\/div><div class=\"bde-column-30431-120 bde-column\">\n  \n\t\n\n\n\n<div class=\"bde-text-30431-121 bde-text\">\nWe process your data for various purposes in connection with communication with you. This includes, in particular, responding to inquiries, asserting your rights and contacting you in the event of queries.\n<\/div>\n<\/div><\/div><div class=\"bde-columns-30431-127 bde-columns\"><div class=\"bde-column-30431-128 bde-column\">\n  \n\t\n\n\n\n<h3 class=\"bde-heading-30431-129 bde-heading\">\nProtection during data transmission\n<\/h3>\n<\/div><div class=\"bde-column-30431-130 bde-column\">\n  \n\t\n\n\n\n<div class=\"bde-text-30431-147 bde-text\">\nDue to the technical structure of the Internet as an open network, secure transmission of your data cannot be guaranteed in all cases. If you send your personal data to us, you always do so at your own risk. We take various organizational and technical security precautions in accordance with current security standards to ensure the protection of your data within our system. Any liability on our part for damages incurred by you as a result of data loss or manipulation is fundamentally excluded.\n<\/div>\n<\/div><\/div><div class=\"bde-columns-30431-137 bde-columns\"><div class=\"bde-column-30431-138 bde-column\">\n  \n\t\n\n\n\n<h3 class=\"bde-heading-30431-139 bde-heading\">\nStorage of the data\n<\/h3>\n<\/div><div class=\"bde-column-30431-140 bde-column\">\n  \n\t\n\n\n\n<div class=\"bde-text-30431-154 bde-text\">\nWe only store your data for as long as is necessary for the purposes stated by us or as long as we are legally or contractually obliged to do so.\n<\/div>\n<\/div><\/div><div class=\"bde-columns-30431-102 bde-columns\"><div class=\"bde-column-30431-103 bde-column\">\n  \n\t\n\n\n\n<h3 class=\"bde-heading-30431-105 bde-heading\">\nResponsible body\n<\/h3>\n<\/div><div class=\"bde-column-30431-143 bde-column\">\n  \n\t\n\n\n\n<div class=\"bde-text-30431-144 bde-text\">\nWatch trade Schwyter<br>Bachstrasse 33<br>5034 Suhr<br>Switzerland\n<\/div><a class=\"bde-text-link-30431-145 bde-text-link breakdance-link\" href=\"mailto:?subject=&amp;body=\" target=\"_self\" data-type=\"contact\">\n  info@watcherswiss.ch\n\n<\/a><a class=\"bde-text-link-30431-146 bde-text-link breakdance-link\" href=\"tel:\u202d+41763881196\" target=\"_self\" data-type=\"contact\">\n  +41 76 388 11 96\n\n<\/a>\n<\/div><\/div><div class=\"bde-columns-30431-150 bde-columns\"><div class=\"bde-column-30431-151 bde-column\">\n  \n\t\n\n\n\n<h3 class=\"bde-heading-30431-152 bde-heading\">\nValidity\n<\/h3>\n<\/div><div class=\"bde-column-30431-153 bde-column\">\n  \n\t\n\n\n\n<div class=\"bde-shortcode-30431-148 bde-shortcode\">\n\n<\/div>\n<\/div><\/div><\/div>\n<\/section>","protected":false},"excerpt":{"rendered":"<p>Bearbeitete Daten Daten zu Ihrer Person speichern und verarbeiten wir nur, wenn Sie diese im Zuge der Nutzung von Services und Tools (z.B. Kontaktformular) an uns \u00fcbermitteln. Zweck Wir verarbeiten Ihre Daten ausschliesslich f\u00fcr die Zwecke, die wir Ihnen bei der Erhebung Ihrer Daten mitgeteilt haben, sowie f\u00fcr andere mit diesen Zielen vereinbare Zwecke. Verarbeitung [&hellip;]<\/p>\n","protected":false},"author":1,"featured_media":0,"parent":0,"menu_order":0,"comment_status":"closed","ping_status":"closed","template":"","meta":{"slim_seo":{"title":"Data protection - watcherswiss","description":"Processed data We only store and process your personal data if you provide it to us in the course of using services and tools (e.g. contact form)."},"_breakdance_hide_in_design_set":false,"_breakdance_tags":"","footnotes":""},"class_list":["post-30431","page","type-page","status-publish","hentry"],"_links":{"self":[{"href":"https:\/\/watcherswiss.ch\/en\/wp-json\/wp\/v2\/pages\/30431","targetHints":{"allow":["GET"]}}],"collection":[{"href":"https:\/\/watcherswiss.ch\/en\/wp-json\/wp\/v2\/pages"}],"about":[{"href":"https:\/\/watcherswiss.ch\/en\/wp-json\/wp\/v2\/types\/page"}],"author":[{"embeddable":true,"href":"https:\/\/watcherswiss.ch\/en\/wp-json\/wp\/v2\/users\/1"}],"replies":[{"embeddable":true,"href":"https:\/\/watcherswiss.ch\/en\/wp-json\/wp\/v2\/comments?post=30431"}],"version-history":[{"count":4,"href":"https:\/\/watcherswiss.ch\/en\/wp-json\/wp\/v2\/pages\/30431\/revisions"}],"predecessor-version":[{"id":31875,"href":"https:\/\/watcherswiss.ch\/en\/wp-json\/wp\/v2\/pages\/30431\/revisions\/31875"}],"wp:attachment":[{"href":"https:\/\/watcherswiss.ch\/en\/wp-json\/wp\/v2\/media?parent=30431"}],"curies":[{"name":"wp","href":"https:\/\/api.w.org\/{rel}","templated":true}]}}