{"id":30359,"date":"2024-06-17T15:04:43","date_gmt":"2024-06-17T13:04:43","guid":{"rendered":"https:\/\/watcherswiss.ch\/?page_id=30359"},"modified":"2024-07-04T09:11:06","modified_gmt":"2024-07-04T07:11:06","slug":"premium","status":"publish","type":"page","link":"https:\/\/watcherswiss.ch\/en\/online-estimation\/premium\/","title":{"rendered":"Premium"},"content":{"rendered":"<section class=\"bde-section-30359-103 bde-section\">\n  \n\t\n\n\n\n<div class=\"section-container\"><\/div>\n<\/section><section class=\"bde-section-30359-104 bde-section\">\n  \n\t\n\n\n\n<div class=\"section-container\"><div class=\"bde-columns-30359-105 bde-columns\"><div class=\"bde-column-30359-106 bde-column\">\n  \n\t\n\n\n\n<h1 class=\"bde-heading-30359-107 bde-heading\">\nOnline-Sch\u00e4tzung; Premium\n<\/h1><div class=\"bde-text-30359-108 bde-text\">\nMarktwerteinsch\u00e4tzung:<br><br>Unser Premium-Paket geht einen Schritt weiter und bietet eine detaillierte Einsch\u00e4tzung des m\u00f6glichen Verkaufswertes Ihrer Uhr oder Uhrensammlung. Wir analysieren Ihre eingereichte Uhr gr\u00fcndlich, um eine genaue Wertbestimmung vorzunehmen. Bei mehreren Uhren erstellen wir eine differenzierte Auflistung, die die Uhren in verschiedene Wertkategorien einordnet, was Ihnen ein klareres Bild vom Wert Ihrer Sammlung bietet.\"<br><br>Individuelle Verkaufsberatung:<br><br>Ein wesentlicher Bestandteil dieses Pakets ist unsere Verkaufsberatung. Sie erhalten konkrete Empfehlungen zur optimalen Pr\u00e4sentation und Beschreibung Ihrer Uhren f\u00fcr den Verkauf. Wir geben Ihnen auch detaillierte Hinweise, welche Verkaufskan\u00e4le f\u00fcr Ihre spezifischen Uhren am geeignetsten sind.<br><br>Zielgerichtete Vorbereitung auf den Verkauf:<br><br>Dieses umfassende Angebot stellt sicher, dass Sie nicht nur den Marktwert Ihrer Uhren kennen, sondern auch effektiv und gezielt auf den Verkauf vorbereitet sind, um einen realistischen und fairen Verkaufspreis anstreben zu k\u00f6nnen.<br><br>Servicegarantie:<br><br>Sie erhalten unsere Einsch\u00e4tzung in Form einer klar strukturierten PDF-Datei Innerhalb von 5 Werktagen per E-Mail. Sollten wir Ihre Uhr oder Uhrensammlung nicht bewerten k\u00f6nnen, erstatten wir Ihnen das Sch\u00e4tzungshonorar vollst\u00e4ndig zur\u00fcck.<br>\n<\/div>\n<\/div><div class=\"bde-column-30359-109 bde-column\">\n  \n\t\n\n\n\n<div class=\"bde-form-builder-30359-112 bde-form-builder\">\n\n\n<form id=\"schaetzung-premium112\" class=\"breakdance-form breakdance-form--vertical \" data-options=\"{&quot;slug&quot;:&quot;custom&quot;,&quot;name&quot;:&quot;Sch\\u00e4tzung Premium&quot;,&quot;ajaxUrl&quot;:&quot;https:\\\/\\\/watcherswiss.ch\\\/wp-admin\\\/admin-ajax.php&quot;,&quot;clearOnSuccess&quot;:true,&quot;hideOnSuccess&quot;:true,&quot;successMessage&quot;:&quot;Ihre Nachricht wurde versendet&quot;,&quot;errorMessage&quot;:&quot;Leider ist etwas schief gelaufen.&quot;,&quot;redirect&quot;:false,&quot;redirectUrl&quot;:&quot;https:\\\/\\\/watcherswiss.ch\\\/warenkorb\\\/&quot;,&quot;customJavaScript&quot;:{&quot;js_on_success&quot;:&quot;(function($) {\\n    console.log(&#039;Form successfully submitted. Running custom JS.&#039;);\\n\\n    \\\/\\\/ Sicherstellen, dass ajaxurl definiert ist\\n    if (typeof ajaxurl === &#039;undefined&#039;) {\\n        console.error(&#039;ajaxurl is not defined.&#039;);\\n        return;\\n    } else {\\n        console.log(&#039;ajaxurl is defined:&#039;, ajaxurl);\\n    }\\n\\n    \\\/\\\/ Produkt-ID, das du hinzuf\\u00fcgen m\\u00f6chtest\\n    var produktId = 30369;\\n\\n    console.log(&#039;Product ID to add:&#039;, produktId);\\n\\n    \\\/\\\/ Ajax-Anfrage ausf\\u00fchren, um das Produkt zum Warenkorb hinzuzuf\\u00fcgen\\n    $.ajax({\\n        type: &#039;POST&#039;,\\n        url: ajaxurl, \\\/\\\/ WordPress Ajax URL\\n        data: {\\n            action: &#039;add_product_to_cart&#039;,\\n            product_id: produktId\\n        },\\n        success: function(response) {\\n            console.log(&#039;Ajax request successful. Response:&#039;, response);\\n            if (response.success) {\\n                console.log(&#039;Product added to cart successfully. Redirecting to cart.&#039;);\\n                \\\/\\\/ Erfolgreich hinzugef\\u00fcgt, zur Warenkorb-Seite weiterleiten\\n                window.location.href = wc_add_to_cart_params.cart_url; \\\/\\\/ WooCommerce Warenkorb-URL\\n            } else {\\n                console.error(&#039;Error adding product to cart:&#039;, response.data);\\n                \\\/\\\/ Hier k\\u00f6nntest du eine Fehlermeldung anzeigen oder andere Aktionen durchf\\u00fchren\\n            }\\n        },\\n        error: function(error) {\\n            console.error(&#039;Error in Ajax request:&#039;, error);\\n            \\\/\\\/ Hier k\\u00f6nntest du eine Fehlermeldung anzeigen oder andere Aktionen durchf\\u00fchren\\n        }\\n    });\\n})(jQuery);\\n&quot;},&quot;recaptcha&quot;:{&quot;key&quot;:&quot;&quot;,&quot;enabled&quot;:false},&quot;honeypot_enabled&quot;:true,&quot;popupsOnSuccess&quot;:[],&quot;popupsOnError&quot;:[]}\" data-steps=\"2\"  data-current-step=\"1\" >\n  \n  <div class=\"breakdance-form-stepper\">\n    <div class=\"breakdance-form-stepper__list\">\n                    <div class=\"breakdance-form-stepper__step\" data-stepper-step=\"1\">\n                <div class=\"breakdance-form-stepper__step-icon\">\n                                            <span>1<\/span>\n                                    <\/div>\n                                    <div class=\"breakdance-form-stepper__label\">Angaben zur Uhr<\/div>\n                            <\/div>\n            <div class=\"breakdance-form-stepper__separator\"><\/div>\n                    <div class=\"breakdance-form-stepper__step\" data-stepper-step=\"2\">\n                <div class=\"breakdance-form-stepper__step-icon\">\n                                            <span>2<\/span>\n                                    <\/div>\n                                    <div class=\"breakdance-form-stepper__label\">Kontaktinformationen<\/div>\n                            <\/div>\n            <div class=\"breakdance-form-stepper__separator\"><\/div>\n            <\/div>\n<\/div>\n\n  \n<div class=\"breakdance-form-field breakdance-form-field--radio hidden-step\"  data-form-step=\"1\" >\n    \n    \n    \n      <fieldset role=\"radiogroup\"\n          aria-label=\"Art der Uhr \"\n      >\n          <legend class=\"breakdance-form-field__label\">Art der Uhr <span class=\"breakdance-form-field__required\">*<\/span><\/legend>\n                <div class=\"breakdance-form-radio\">\n            <input\n                type=\"radio\"\n                name=\"fields[art][]\"\n                value=\"Armbanduhr\"\n                id=\"art-1\"\n                required\n                \n                            >\n            <label class=\"breakdance-form-radio__text\" for=\"art-1\">Armbanduhr<\/label>\n        <\/div>\n            <div class=\"breakdance-form-radio\">\n            <input\n                type=\"radio\"\n                name=\"fields[art][]\"\n                value=\"Taschenuhr\"\n                id=\"art-2\"\n                required\n                \n                            >\n            <label class=\"breakdance-form-radio__text\" for=\"art-2\">Taschenuhr<\/label>\n        <\/div>\n            <div class=\"breakdance-form-radio\">\n            <input\n                type=\"radio\"\n                name=\"fields[art][]\"\n                value=\"Andere\"\n                id=\"art-3\"\n                required\n                \n                            >\n            <label class=\"breakdance-form-radio__text\" for=\"art-3\">Andere<\/label>\n        <\/div>\n      <\/fieldset>\n\n\n    \n    \n<\/div>\n\n\n<div class=\"breakdance-form-field breakdance-form-field--radio hidden-step\"  data-form-step=\"1\" >\n    \n    \n    \n      <fieldset role=\"radiogroup\"\n          aria-label=\"Umfang\"\n      >\n          <legend class=\"breakdance-form-field__label\">Umfang<span class=\"breakdance-form-field__required\">*<\/span><\/legend>\n                <div class=\"breakdance-form-radio\">\n            <input\n                type=\"radio\"\n                name=\"fields[umfang][]\"\n                value=\"Uhr mit originaler Box und originalen Papieren\"\n                id=\"umfang-1\"\n                required\n                \n                            >\n            <label class=\"breakdance-form-radio__text\" for=\"umfang-1\">Uhr mit originaler Box und originalen Papieren<\/label>\n        <\/div>\n            <div class=\"breakdance-form-radio\">\n            <input\n                type=\"radio\"\n                name=\"fields[umfang][]\"\n                value=\"Uhr mit originalen Papieren\"\n                id=\"umfang-2\"\n                required\n                \n                            >\n            <label class=\"breakdance-form-radio__text\" for=\"umfang-2\">Uhr mit originalen Papieren<\/label>\n        <\/div>\n            <div class=\"breakdance-form-radio\">\n            <input\n                type=\"radio\"\n                name=\"fields[umfang][]\"\n                value=\"Uhr mit originaler Box\"\n                id=\"umfang-3\"\n                required\n                \n                            >\n            <label class=\"breakdance-form-radio__text\" for=\"umfang-3\">Uhr mit originaler Box<\/label>\n        <\/div>\n            <div class=\"breakdance-form-radio\">\n            <input\n                type=\"radio\"\n                name=\"fields[umfang][]\"\n                value=\"Nur die Uhr\"\n                id=\"umfang-4\"\n                required\n                \n                            >\n            <label class=\"breakdance-form-radio__text\" for=\"umfang-4\">Nur die Uhr<\/label>\n        <\/div>\n      <\/fieldset>\n\n\n    \n    \n<\/div>\n\n\n<div class=\"breakdance-form-field breakdance-form-field--radio hidden-step\"  data-form-step=\"1\" >\n    \n    \n    \n      <fieldset role=\"radiogroup\"\n          aria-label=\"Zustand\"\n      >\n          <legend class=\"breakdance-form-field__label\">Zustand<span class=\"breakdance-form-field__required\">*<\/span><\/legend>\n                <div class=\"breakdance-form-radio\">\n            <input\n                type=\"radio\"\n                name=\"fields[zustand][]\"\n                value=\"Ungetragen\"\n                id=\"zustand-1\"\n                required\n                \n                            >\n            <label class=\"breakdance-form-radio__text\" for=\"zustand-1\">Ungetragen<\/label>\n        <\/div>\n            <div class=\"breakdance-form-radio\">\n            <input\n                type=\"radio\"\n                name=\"fields[zustand][]\"\n                value=\"Sehr gut\"\n                id=\"zustand-2\"\n                required\n                \n                            >\n            <label class=\"breakdance-form-radio__text\" for=\"zustand-2\">Sehr gut<\/label>\n        <\/div>\n            <div class=\"breakdance-form-radio\">\n            <input\n                type=\"radio\"\n                name=\"fields[zustand][]\"\n                value=\"Gut\"\n                id=\"zustand-3\"\n                required\n                \n                            >\n            <label class=\"breakdance-form-radio__text\" for=\"zustand-3\">Gut<\/label>\n        <\/div>\n            <div class=\"breakdance-form-radio\">\n            <input\n                type=\"radio\"\n                name=\"fields[zustand][]\"\n                value=\"Stark gebraucht\"\n                id=\"zustand-4\"\n                required\n                \n                            >\n            <label class=\"breakdance-form-radio__text\" for=\"zustand-4\">Stark gebraucht<\/label>\n        <\/div>\n            <div class=\"breakdance-form-radio\">\n            <input\n                type=\"radio\"\n                name=\"fields[zustand][]\"\n                value=\"Mangelhaft\"\n                id=\"zustand-5\"\n                required\n                \n                            >\n            <label class=\"breakdance-form-radio__text\" for=\"zustand-5\">Mangelhaft<\/label>\n        <\/div>\n            <div class=\"breakdance-form-radio\">\n            <input\n                type=\"radio\"\n                name=\"fields[zustand][]\"\n                value=\"Defekt\"\n                id=\"zustand-6\"\n                required\n                \n                            >\n            <label class=\"breakdance-form-radio__text\" for=\"zustand-6\">Defekt<\/label>\n        <\/div>\n      <\/fieldset>\n\n\n    \n    \n<\/div>\n\n\n<div class=\"breakdance-form-field breakdance-form-field--textarea hidden-step\"  data-form-step=\"1\" >\n    \n    \n            <label class=\"breakdance-form-field__label\" for=\"beschreibung\">\n            Beschreiben Sie Ihre Uhr\n        <\/label>\n    \n    <textarea\n    class=\"breakdance-form-field__input\"\n    id=\"beschreibung\"\n    aria-describedby=\"beschreibung\"\n    type=\"textarea\"\n    name=\"fields[beschreibung]\"\n        placeholder=\"z. B.: Hat die Uhr noch Garantie? Wurde ein Service gemacht? Hat die Uhr Besch\u00e4digungen oder M\u00e4ngel?\"\n    \n    >\n<\/textarea>\n\n\n    \n    \n<\/div>\n\n\n<div class=\"breakdance-form-field breakdance-form-field--file hidden-step\"  data-form-step=\"1\" >\n    \n    \n            <label class=\"breakdance-form-field__label\" for=\"bilder\">\n            Bilder\n        <\/label>\n    \n    <label for=\"bilder\" class=\"breakdance-form-file-upload breakdance-form-file-upload--draggable\">\n\n            <span class=\"breakdance-form-dropzone\" tabindex=\"0\">\n            <svg class=\"breakdance-form-dropzone__icon\" width=\"48\" stroke=\"currentColor\" fill=\"none\" viewBox=\"0 0 48 48\" aria-hidden=\"true\">\n                <path d=\"M28 8H12a4 4 0 00-4 4v20m32-12v8m0 0v8a4 4 0 01-4 4H12a4 4 0 01-4-4v-4m32-4l-3.172-3.172a4 4 0 00-5.656 0L28 28M8 32l9.172-9.172a4 4 0 015.656 0L28 28m0 0l4 4m4-24h8m-4-4v8m-12 4h.02\" stroke-width=\"2\" stroke-linecap=\"round\" stroke-linejoin=\"round\"><\/path>\n            <\/svg>\n\n            <span class=\"breakdance-form-dropzone__title\">\n                <span>Upload a file<\/span> or drag and drop.\n            <\/span>\n            <span class=\"breakdance-form-dropzone__accepts\">\n                              jpg, jpeg, jpe, png, webp, heic, webm, pdf, bmp, gif\n                            up to 100MB\n            <\/span>\n        <\/span>\n    \n    <input\n        id=\"bilder\"\n        name=\"fields[bilder][]\"\n        type=\"file\"\n        class=\"breakdance-form-file-upload__input\"\n        accept=\"image\/jpeg,image\/png,image\/webp,image\/heic,video\/webm,application\/pdf,image\/bmp,image\/gif\"\n        multiple\n        \n                data-max-files=\"20\"\n        data-i18n-empty-text=\"No file chosen\"\n        data-i18n-filled-text=\"%n files\"\n        data-i18n-error-text=\"Only %n file(s) allowed.\"\n    >\n<\/label>\n\n    <ul class=\"breakdance-form-files-list\"><\/ul>\n\n\n    \n    \n<\/div>\n\n\n<div class=\"breakdance-form-field breakdance-form-field--text hidden-step\"  data-form-step=\"2\" >\n    \n    \n            <label class=\"breakdance-form-field__label\" for=\"firma\">\n            Firma\n        <\/label>\n    \n    <input\n    class=\"breakdance-form-field__input\"\n    id=\"firma\"\n    aria-describedby=\"firma\"\n    type=\"text\"\n    name=\"fields[firma]\"\n    placeholder=\"\"\n    value=\"\"\n                \n        \n        \n    \n    \n    \n>\n\n\n    \n    \n<\/div>\n\n\n<div class=\"breakdance-form-field breakdance-form-field--text hidden-step\"  data-form-step=\"2\" >\n    \n    \n            <label class=\"breakdance-form-field__label\" for=\"name\">\n            Vollst\u00e4ndiger Name<span class=\"breakdance-form-field__required\">*<\/span>\n        <\/label>\n    \n    <input\n    class=\"breakdance-form-field__input\"\n    id=\"name\"\n    aria-describedby=\"name\"\n    type=\"text\"\n    name=\"fields[name]\"\n    placeholder=\"\"\n    value=\"\"\n                \n        \n        \n    required\n    \n    \n>\n\n\n    \n    \n<\/div>\n\n\n<div class=\"breakdance-form-field breakdance-form-field--email hidden-step\"  data-form-step=\"2\" >\n    \n    \n            <label class=\"breakdance-form-field__label\" for=\"email\">\n            Ihre Email-Adresse<span class=\"breakdance-form-field__required\">*<\/span>\n        <\/label>\n    \n    <input\n    class=\"breakdance-form-field__input\"\n    id=\"email\"\n    aria-describedby=\"email\"\n    type=\"email\"\n    name=\"fields[email]\"\n    placeholder=\"\"\n    value=\"\"\n                \n        \n        \n    required\n    \n    \n>\n\n\n    \n    \n<\/div>\n\n\n<div class=\"breakdance-form-field breakdance-form-field--tel hidden-step\"  data-form-step=\"2\" >\n    \n    \n            <label class=\"breakdance-form-field__label\" for=\"tel\">\n            Ihre Telefonnummer\n        <\/label>\n    \n    <input\n    class=\"breakdance-form-field__input\"\n    id=\"tel\"\n    aria-describedby=\"tel\"\n    type=\"tel\"\n    name=\"fields[tel]\"\n    placeholder=\"\"\n    value=\"\"\n                \n        \n        \n    \n    \n    \n>\n\n\n    \n    \n<\/div>\n\n\n<div class=\"breakdance-form-field breakdance-form-field--checkbox hidden-step\"  data-form-step=\"2\" >\n    \n    \n    \n    <fieldset role=\"group\"\n    aria-label=\"Datenschutz\"\n    >\n       <legend class=\"breakdance-form-field__label\">Datenschutz<span class=\"breakdance-form-field__required\">*<\/span><\/legend>\n          <div class=\"breakdance-form-checkbox\">\n          <input\n              type=\"checkbox\"\n              name=\"fields[datenschutz]\"\n              value=\"Datenverarbeitung gem. &lt;u&gt;&lt;a href=&quot;https:\/\/watcherswiss.ch\/datenschutz\/&quot; target=&quot;_blank&quot;&gt;Bestimmungen&lt;\/a&gt;&lt;\/u&gt; akzeptieren\"\n              id=\"datenschutz-1\"\n              \n                        >\n          <label class=\"breakdance-form-checkbox__text\" for=\"datenschutz-1\">Datenverarbeitung gem. <u><a href=\"https:\/\/watcherswiss.ch\/datenschutz\/\" target=\"_blank\">Bestimmungen<\/a><\/u> akzeptieren<\/label>\n      <\/div>\n  <\/fieldset>\n\n\n\n    \n    \n<\/div>\n\n\n<div class=\"breakdance-form-field breakdance-form-field--html hidden-step\"  data-form-step=\"2\" >\n    \n    \n    \n    <div class=\"form-input-html\"\n    >\n  <p cart-empty woocommerce-info style=\"color:var(--grey-500); background-color:white; border:solid 20px white; border-radius:4px;\">Nach dem Absenden erfolgt eine automatische Weiterleitung zum Warenkorb.\n<\/div>\n\n\n    \n    \n<\/div>\n\n\n<div class=\"breakdance-form-field breakdance-form-field--hpinput hidden-step\"  data-form-step=\"2\" >\n    \n    \n            <label class=\"breakdance-form-field__label\" for=\"hpname\">\n            HP Name\n        <\/label>\n    \n    <input\n    class=\"breakdance-form-field__input\"\n    id=\"hpname\"\n    aria-describedby=\"hpname\"\n    type=\"hpinput\"\n    name=\"fields[hpname]\"\n    placeholder=\"\"\n    value=\"\"\n                \n        \n        \n    \n    autocomplete=\"off\"\n    tabindex=-1\n>\n\n\n    \n    \n<\/div>\n\n\n  \n\n<div class=\"breakdance-form-field breakdance-form-footer\">\n            <div class=\"breakdance-form-field breakdance-form-field--step-buttons\" data-form-step=\"1\">\n            \n                                    \n    \n    \n    \n    \n            \n            <button type=\"button\" class=\"button-atom button-atom--secondary breakdance-form-button breakdance-form-button__previous-step hidden\"  >\n    \n        <span class=\"button-atom__text\">zur\u00fcck<\/span>\n\n        \n        \n            <\/button>\n    \n            \n                                    \n    \n    \n    \n    \n            \n            <button type=\"button\" class=\"button-atom button-atom--primary breakdance-form-button breakdance-form-button__next-step hidden\"  >\n    \n        <span class=\"button-atom__text\">weiter<\/span>\n\n        \n        \n            <\/button>\n    \n        <\/div>\n            <div class=\"breakdance-form-field breakdance-form-field--step-buttons\" data-form-step=\"2\">\n            \n                                    \n    \n    \n    \n    \n            \n            <button type=\"button\" class=\"button-atom button-atom--secondary breakdance-form-button breakdance-form-button__previous-step hidden\"  >\n    \n        <span class=\"button-atom__text\">zur\u00fcck<\/span>\n\n        \n        \n            <\/button>\n    \n            \n                                    \n    \n    \n    \n    \n            \n            <button type=\"button\" class=\"button-atom button-atom--primary breakdance-form-button breakdance-form-button__next-step hidden\"  >\n    \n        <span class=\"button-atom__text\">weiter<\/span>\n\n        \n        \n            <\/button>\n    \n        <\/div>\n    \n    \n                                    \n    \n    \n    \n    \n            \n            <button type=\"submit\" class=\"button-atom button-atom--primary breakdance-form-button breakdance-form-button__submit\"  >\n    \n        <span class=\"button-atom__text\">absenden<\/span>\n\n        \n        \n            <\/button>\n    \n    <input type=\"hidden\" name=\"form_id\" value=\"112\">\n    <input type=\"hidden\" name=\"post_id\" value=\"30359\">\n<\/div>\n\n  \n<\/form>\n\n\n\n<\/div>\n<\/div><\/div><\/div>\n<\/section>","protected":false},"excerpt":{"rendered":"<p>Online-Sch\u00e4tzung; Premium Marktwerteinsch\u00e4tzung:Unser Premium-Paket geht einen Schritt weiter und bietet eine detaillierte Einsch\u00e4tzung des m\u00f6glichen Verkaufswertes Ihrer Uhr oder Uhrensammlung. Wir analysieren Ihre eingereichte Uhr gr\u00fcndlich, um eine genaue Wertbestimmung vorzunehmen. Bei mehreren Uhren erstellen wir eine differenzierte Auflistung, die die Uhren in verschiedene Wertkategorien einordnet, was Ihnen ein klareres Bild vom Wert Ihrer Sammlung [&hellip;]<\/p>\n","protected":false},"author":1,"featured_media":0,"parent":29628,"menu_order":0,"comment_status":"closed","ping_status":"closed","template":"","meta":{"slim_seo":{"title":"Premium - watcherswiss","description":"Online valuation; Premium market value assessment: Our Premium package goes one step further and offers a detailed assessment of the potential sale value of your property."},"_breakdance_hide_in_design_set":false,"_breakdance_tags":"","footnotes":""},"class_list":["post-30359","page","type-page","status-publish","hentry"],"_links":{"self":[{"href":"https:\/\/watcherswiss.ch\/en\/wp-json\/wp\/v2\/pages\/30359","targetHints":{"allow":["GET"]}}],"collection":[{"href":"https:\/\/watcherswiss.ch\/en\/wp-json\/wp\/v2\/pages"}],"about":[{"href":"https:\/\/watcherswiss.ch\/en\/wp-json\/wp\/v2\/types\/page"}],"author":[{"embeddable":true,"href":"https:\/\/watcherswiss.ch\/en\/wp-json\/wp\/v2\/users\/1"}],"replies":[{"embeddable":true,"href":"https:\/\/watcherswiss.ch\/en\/wp-json\/wp\/v2\/comments?post=30359"}],"version-history":[{"count":15,"href":"https:\/\/watcherswiss.ch\/en\/wp-json\/wp\/v2\/pages\/30359\/revisions"}],"predecessor-version":[{"id":30825,"href":"https:\/\/watcherswiss.ch\/en\/wp-json\/wp\/v2\/pages\/30359\/revisions\/30825"}],"up":[{"embeddable":true,"href":"https:\/\/watcherswiss.ch\/en\/wp-json\/wp\/v2\/pages\/29628"}],"wp:attachment":[{"href":"https:\/\/watcherswiss.ch\/en\/wp-json\/wp\/v2\/media?parent=30359"}],"curies":[{"name":"wp","href":"https:\/\/api.w.org\/{rel}","templated":true}]}}