{"id":28894,"date":"2022-12-17T20:34:16","date_gmt":"2022-12-17T19:34:16","guid":{"rendered":"http:\/\/k08b1awhqk.preview.infomaniak.website\/?page_id=28894"},"modified":"2025-03-18T12:49:12","modified_gmt":"2025-03-18T11:49:12","slug":"imprint","status":"publish","type":"page","link":"https:\/\/watcherswiss.ch\/en\/imprint\/","title":{"rendered":"Imprint"},"content":{"rendered":"<section class=\"bde-section-28894-100 bde-section\">\n  \n\t\n\n\n\n<div class=\"section-container\"><\/div>\n<\/section><section class=\"bde-section-28894-101 bde-section\">\n  \n\t\n\n\n\n<div class=\"section-container\"><div class=\"bde-columns-28894-102 bde-columns\"><div class=\"bde-column-28894-103 bde-column\">\n  \n\t\n\n\n\n<h3 class=\"bde-heading-28894-105 bde-heading\">\nPublisher\n<\/h3>\n<\/div><div class=\"bde-column-28894-104 bde-column\">\n  \n\t\n\n\n\n<div class=\"bde-text-28894-106 bde-text\">\nWatch trade Schwyter<br>Bachstrasse 33<br>5034 Suhr<br>Switzerland\n<\/div><a class=\"bde-text-link-28894-133 bde-text-link breakdance-link\" href=\"mailto:?subject=&amp;body=\" target=\"_self\" data-type=\"contact\">\n  info@watcherswiss.ch\n\n<\/a><a class=\"bde-text-link-28894-134 bde-text-link breakdance-link\" href=\"tel:\u202d+41763881196\" target=\"_self\" data-type=\"contact\">\n  +41 76 388 11 96\n\n<\/a>\n<\/div><\/div><div class=\"bde-columns-28894-127 bde-columns\"><div class=\"bde-column-28894-128 bde-column\">\n  \n\t\n\n\n\n<h3 class=\"bde-heading-28894-129 bde-heading\">\nCredits\n<\/h3>\n<\/div><div class=\"bde-column-28894-130 bde-column\">\n  \n\t\n\n\n\n<div class=\"bde-rich-text-28894-144 bde-rich-text breakdance-rich-text-styles\">\n<p>Website:<br \/><a href=\"https:\/\/www.symforma.design\" target=\"_blank\" rel=\"noopener\">www.symforma.design<\/a><\/p><p>Photography:<br \/><a href=\"https:\/\/www.valentinaverdesca.ch\/\" target=\"_blank\" rel=\"noopener\">www.valentinaverdesca.ch<\/a><\/p>\n<\/div>\n<\/div><\/div><div class=\"bde-columns-28894-107 bde-columns\"><div class=\"bde-column-28894-108 bde-column\">\n  \n\t\n\n\n\n<h3 class=\"bde-heading-28894-109 bde-heading\">\nDisclaimer\n<\/h3>\n<\/div><div class=\"bde-column-28894-110 bde-column\">\n  \n\t\n\n\n\n<div class=\"bde-text-28894-111 bde-text\">\nThe author accepts no liability whatsoever for the correctness, accuracy, up-to-dateness, reliability and completeness of the information. Liability claims against the author for material or immaterial damage resulting from access to or use or non-use of the published information, misuse of the connection or technical faults are excluded. All offers are non-binding. The author expressly reserves the right to change, supplement or delete parts of the pages or the entire offer without prior notice or to cease publication temporarily or permanently.\n<\/div>\n<\/div><\/div><div class=\"bde-columns-28894-112 bde-columns\"><div class=\"bde-column-28894-113 bde-column\">\n  \n\t\n\n\n\n<h3 class=\"bde-heading-28894-114 bde-heading\">\nLiability for links\n<\/h3>\n<\/div><div class=\"bde-column-28894-115 bde-column\">\n  \n\t\n\n\n\n<div class=\"bde-text-28894-116 bde-text\">\nReferences and links to third-party websites are outside our area of responsibility. Any responsibility for such websites is rejected. Access to and use of such websites is at the user's own risk.\n<\/div>\n<\/div><\/div><div class=\"bde-columns-28894-117 bde-columns\"><div class=\"bde-column-28894-118 bde-column\">\n  \n\t\n\n\n\n<h3 class=\"bde-heading-28894-119 bde-heading\">\nCopyrights\n<\/h3>\n<\/div><div class=\"bde-column-28894-120 bde-column\">\n  \n\t\n\n\n\n<div class=\"bde-text-28894-121 bde-text\">\nThe copyright and all other rights to content, images, photos or other files on the website belong exclusively to Constantin Schwyter or the specifically named rights holders. The written consent of the copyright holders must be obtained in advance for the reproduction of any elements.\n<\/div>\n<\/div><\/div><\/div>\n<\/section>","protected":false},"excerpt":{"rendered":"<p>Herausgeber Uhrenhandel SchwyterBachstrasse 335034 SuhrSchweiz info@watcherswiss.ch \u202d+41 76 388 11 96 Credits Website:www.symforma.designFotografie:www.valentinaverdesca.ch Haftungsaus&shy;schluss Der Autor \u00fcbernimmt keinerlei Gew\u00e4hr hinsichtlich der inhaltlichen Richtigkeit, Genauigkeit, Aktualit\u00e4t, Zuverl\u00e4ssigkeit und Vollst\u00e4ndigkeit der Informationen. Haftungsanspr\u00fcche gegen den Autor wegen Sch\u00e4den materieller oder immaterieller Art, welche aus dem Zugriff oder der Nutzung bzw. Nichtnutzung der ver\u00f6ffentlichten Informationen, durch Missbrauch der [&hellip;]<\/p>\n","protected":false},"author":1,"featured_media":0,"parent":0,"menu_order":0,"comment_status":"closed","ping_status":"closed","template":"","meta":{"slim_seo":{"title":"Imprint - watcherswiss","description":"Publisher Uhrenhandel Schwyter Bachstrasse 33 5034 Suhr Switzerland info@watcherswiss.ch +41 76 388 11 96 Credits Website: www.symforma.design Photography: www.va"},"_breakdance_hide_in_design_set":false,"_breakdance_tags":"","footnotes":""},"class_list":["post-28894","page","type-page","status-publish","hentry"],"_links":{"self":[{"href":"https:\/\/watcherswiss.ch\/en\/wp-json\/wp\/v2\/pages\/28894","targetHints":{"allow":["GET"]}}],"collection":[{"href":"https:\/\/watcherswiss.ch\/en\/wp-json\/wp\/v2\/pages"}],"about":[{"href":"https:\/\/watcherswiss.ch\/en\/wp-json\/wp\/v2\/types\/page"}],"author":[{"embeddable":true,"href":"https:\/\/watcherswiss.ch\/en\/wp-json\/wp\/v2\/users\/1"}],"replies":[{"embeddable":true,"href":"https:\/\/watcherswiss.ch\/en\/wp-json\/wp\/v2\/comments?post=28894"}],"version-history":[{"count":15,"href":"https:\/\/watcherswiss.ch\/en\/wp-json\/wp\/v2\/pages\/28894\/revisions"}],"predecessor-version":[{"id":31874,"href":"https:\/\/watcherswiss.ch\/en\/wp-json\/wp\/v2\/pages\/28894\/revisions\/31874"}],"wp:attachment":[{"href":"https:\/\/watcherswiss.ch\/en\/wp-json\/wp\/v2\/media?parent=28894"}],"curies":[{"name":"wp","href":"https:\/\/api.w.org\/{rel}","templated":true}]}}