{"id":28876,"date":"2022-12-16T23:37:20","date_gmt":"2022-12-16T22:37:20","guid":{"rendered":"http:\/\/k08b1awhqk.preview.infomaniak.website\/?page_id=28876"},"modified":"2025-06-19T21:10:20","modified_gmt":"2025-06-19T19:10:20","slug":"about-us","status":"publish","type":"page","link":"https:\/\/watcherswiss.ch\/en\/about-us\/","title":{"rendered":"About us"},"content":{"rendered":"<section class=\"bde-section-28876-108 bde-section\">\n  \n\t\n\n\n\n<div class=\"section-container\"><\/div>\n<\/section><section class=\"bde-section-28876-101 bde-section\">\n  \n\t\n\n\n\n<div class=\"section-container\"><div class=\"bde-columns-28876-102 bde-columns\"><div class=\"bde-column-28876-103 bde-column\">\n  \n\t\n\n\n\n<h1 class=\"bde-heading-28876-105 bde-heading\">\nAbout us\n<\/h1>\n<\/div><div class=\"bde-column-28876-104 bde-column\">\n  \n\t\n\n\n\n<div class=\"bde-text-28876-106 bde-text\">\nWhat remains is time.<br><br>watcherswiss represents our passion for watches and stories.<br>What once began as a small project has developed into a multi-layered platform with a clear mission:<br>To put watches back where they belong - on the wrist and at the center of true appreciation.<br><br>We trade in used brand-name watches with passion and expertise at fair and reasonable prices.<br>for connoisseurs like us.<br><br>Our focus is on rare, sometimes underrated or characterful models - expertly inspected, repaired and offered with technical transparency.<br><br>We search. Find. Prepare.<br>Not arbitrarily - but purposefully.<br>For collectors, explorers and anyone who appreciates time.<br><br>If you are here, it is not by chance.<br>Welcome to watcherswiss. \n<\/div>\n<\/div><\/div><\/div>\n<\/section>","protected":false},"excerpt":{"rendered":"<p>\u00dcber uns Was bleibt, ist Zeit.watcherswiss repr\u00e4sentiert unsere Leidenschaft f\u00fcr Uhren und Geschichten.Was einst als kleines Projekt begann, entwickelte sich zu einer vielschichtigen Plattform mit klarer Mission:Uhren wieder dorthin zu bringen, wo sie hingeh\u00f6ren \u2013 ans Handgelenk und in den Mittelpunkt echter Wertsch\u00e4tzung.Mit Leidenschaft und Fachwissen handeln wir gebrauchte Markenuhren zu fairen und angemessenen Preisen [&hellip;]<\/p>\n","protected":false},"author":1,"featured_media":0,"parent":0,"menu_order":0,"comment_status":"closed","ping_status":"closed","template":"","meta":{"slim_seo":{"title":"About us - watcherswiss","description":"About us What remains is time. watcherswiss represents our passion for watches and stories. What once began as a small project has developed into"},"_breakdance_hide_in_design_set":false,"_breakdance_tags":"","footnotes":""},"class_list":["post-28876","page","type-page","status-publish","hentry"],"_links":{"self":[{"href":"https:\/\/watcherswiss.ch\/en\/wp-json\/wp\/v2\/pages\/28876","targetHints":{"allow":["GET"]}}],"collection":[{"href":"https:\/\/watcherswiss.ch\/en\/wp-json\/wp\/v2\/pages"}],"about":[{"href":"https:\/\/watcherswiss.ch\/en\/wp-json\/wp\/v2\/types\/page"}],"author":[{"embeddable":true,"href":"https:\/\/watcherswiss.ch\/en\/wp-json\/wp\/v2\/users\/1"}],"replies":[{"embeddable":true,"href":"https:\/\/watcherswiss.ch\/en\/wp-json\/wp\/v2\/comments?post=28876"}],"version-history":[{"count":15,"href":"https:\/\/watcherswiss.ch\/en\/wp-json\/wp\/v2\/pages\/28876\/revisions"}],"predecessor-version":[{"id":32132,"href":"https:\/\/watcherswiss.ch\/en\/wp-json\/wp\/v2\/pages\/28876\/revisions\/32132"}],"wp:attachment":[{"href":"https:\/\/watcherswiss.ch\/en\/wp-json\/wp\/v2\/media?parent=28876"}],"curies":[{"name":"wp","href":"https:\/\/api.w.org\/{rel}","templated":true}]}}